{"id":5391,"date":"2020-10-07T09:02:21","date_gmt":"2020-10-07T09:02:21","guid":{"rendered":"http:\/\/themes.webdevia.com\/backhoe-heavy-construction-equipment-rentals-machinery-wordpress-theme\/lenses-cameras-rental\/?page_id=4936"},"modified":"2025-12-16T13:23:48","modified_gmt":"2025-12-16T12:23:48","slug":"home-3-2","status":"publish","type":"page","link":"https:\/\/www.fetesetvouslocations.be\/","title":{"rendered":"Home 3"},"content":{"rendered":"<div class=\"wpb-content-wrapper\"><p>[vc_row css=\u00a0\u00bb.vc_custom_1765878040324{border-top-width: 5px !important;}\u00a0\u00bb][vc_column]\r\n    <div class=\"wd_empty_space\" data-heightmobile=\"15\" \r\n      data-heighttablet=\"15\" data-heightdesktop=\"15\"\r\n      style=\"height: 15px;\" >\r\n    <\/div>\r\n\r\n    [\/vc_column][\/vc_row][vc_row el_class=\u00a0\u00bbmoved-box moved-box&#8211;left\u00a0\u00bb][vc_column width=\u00a0\u00bb7\/12&Prime;]<div class='wd_empty_space' data-heightmobile='0' data-heighttablet='0' data-heightdesktop='0'\r\n \t\t\t\t\t\tstyle='height:0px' ><\/div><div class=\"wd-heading text-left  \" style=\"max-width: 100%\" >\r\n\t\r\n\t\t<h2 style=\"margin:0;font-weight:800;\" class=\"title_b\" data-text=\"subtitle\">\r\n\t\tA propos de nous\t\t<\/h2>\r\n\r\n\t\t\t<\/div>\r\n\t<div class='wd_empty_space' data-heightmobile='5' data-heighttablet='5' data-heightdesktop='5'\r\n\t\tstyle='height:5px' ><\/div>\r\n    <div class=\"wd_empty_space\" data-heightmobile=\"15\" \r\n      data-heighttablet=\"15\" data-heightdesktop=\"15\"\r\n      style=\"height: 15px;\" >\r\n    <\/div>\r\n\r\n    [vc_column_text css=\u00a0\u00bb\u00a0\u00bb]Depuis janvier 2025,\u00a0F\u00eates et vous Locations \u00a0vous accompagne dans<br \/>\nl\u2019organisation de vos \u00e9v\u00e9nements en vous proposant la location de mat\u00e9riel de f\u00eate adapt\u00e9 \u00e0 toutes les occasions.<\/p>\n<p>Que vous soyez un particulier, une \u00e9cole, une entreprise, une A.S.B.L ou un<br \/>\nmouvement de jeunesse, nous mettons \u00e0 votre disposition une large gamme<br \/>\nde mat\u00e9riel festif pour faire de votre \u00e9v\u00e9nement un moment inoubliable![\/vc_column_text][\/vc_column][vc_column width=\u00a0\u00bb5\/12&Prime; css=\u00a0\u00bb.vc_custom_1765802741821{margin-top: 10px !important;}\u00a0\u00bb][vc_single_image image=\u00a0\u00bb5528&Prime; img_size=\u00a0\u00bb578&#215;704&Prime; css=\u00a0\u00bb.vc_custom_1765802709230{margin-top: 5px !important;}\u00a0\u00bb][\/vc_column][\/vc_row][vc_row][vc_column]<div class='wd_empty_space' data-heightmobile='50' data-heighttablet='50' data-heightdesktop='180'\r\n \t\t\t\t\t\tstyle='height:180px' ><\/div><div class=\"wd-heading text-left  \" style=\"max-width: 100%\" >\r\n\t\r\n\t\t\r\n\t\t<h2 style=\"margin:0;font-weight:800;\" class=\"title_a\" data-text=\"Locations\">\r\n\t\tCat\u00e9gories de produits\t\t<\/h2>\r\n\r\n\t\t\t\t\t\t\t<p style=\"\" class=\"sub_title_a\">\r\n\t\t\tLocations\t\t\t<\/p>\r\n\t\t\t\t\r\n\t\t<\/div>\r\n\t<div class='wd_empty_space' data-heightmobile='20' data-heighttablet='20' data-heightdesktop='60'\r\n\t\tstyle='height:60px' ><\/div>\r\n    <div class=\"wd_empty_space\" data-heightmobile=\"10\" \r\n      data-heighttablet=\"25\" data-heightdesktop=\"25\"\r\n      style=\"height: 25px;\" >\r\n    <\/div>\r\n\r\n    <div class=\"woocommerce columns-5\"><ul class=\"products columns-5 grid\">\r\n<li class=\"product-category product first\">\n\t<a aria-label=\"Visit product category Electricit\u00e9\" href=\"https:\/\/www.fetesetvouslocations.be\/?product_cat=electricite\"><img loading=\"lazy\" decoding=\"async\" src=\"https:\/\/www.fetesetvouslocations.be\/wp-content\/uploads\/woocommerce-placeholder-700x700.webp\" alt=\"Electricit\u00e9\" width=\"700\" height=\"700\" \/>\t\t<h2 class=\"woocommerce-loop-category__title\">\n\t\t\tElectricit\u00e9\t\t<\/h2>\n\t\t<\/a><\/li>\n<li class=\"product-category product\">\n\t<a aria-label=\"Visit product category Vid\u00e9o et photo\" href=\"https:\/\/www.fetesetvouslocations.be\/?product_cat=video-et-photo\"><img loading=\"lazy\" decoding=\"async\" src=\"https:\/\/www.fetesetvouslocations.be\/wp-content\/uploads\/woocommerce-placeholder-700x700.webp\" alt=\"Vid\u00e9o et photo\" width=\"700\" height=\"700\" \/>\t\t<h2 class=\"woocommerce-loop-category__title\">\n\t\t\tVid\u00e9o et photo\t\t<\/h2>\n\t\t<\/a><\/li>\n<li class=\"product-category product\">\n\t<a aria-label=\"Visit product category Son et lumi\u00e8res\" href=\"https:\/\/www.fetesetvouslocations.be\/?product_cat=son-et-lumieres\"><img loading=\"lazy\" decoding=\"async\" src=\"https:\/\/www.fetesetvouslocations.be\/wp-content\/uploads\/woocommerce-placeholder-700x700.webp\" alt=\"Son et lumi\u00e8res\" width=\"700\" height=\"700\" \/>\t\t<h2 class=\"woocommerce-loop-category__title\">\n\t\t\tSon et lumi\u00e8res\t\t<\/h2>\n\t\t<\/a><\/li>\n<li class=\"product-category product\">\n\t<a aria-label=\"Visit product category Divertissements\" href=\"https:\/\/www.fetesetvouslocations.be\/?product_cat=divertissements\"><img loading=\"lazy\" decoding=\"async\" src=\"https:\/\/www.fetesetvouslocations.be\/wp-content\/uploads\/woocommerce-placeholder-700x700.webp\" alt=\"Divertissements\" width=\"700\" height=\"700\" \/>\t\t<h2 class=\"woocommerce-loop-category__title\">\n\t\t\tDivertissements <mark class=\"count\">(1)<\/mark>\t\t<\/h2>\n\t\t<\/a><\/li>\n<li class=\"product-category product last\">\n\t<a aria-label=\"Visit product category Horeca sucr\u00e9\" href=\"https:\/\/www.fetesetvouslocations.be\/?product_cat=horeca-sucre\"><img loading=\"lazy\" decoding=\"async\" src=\"https:\/\/www.fetesetvouslocations.be\/wp-content\/uploads\/woocommerce-placeholder-700x700.webp\" alt=\"Horeca sucr\u00e9\" width=\"700\" height=\"700\" \/>\t\t<h2 class=\"woocommerce-loop-category__title\">\n\t\t\tHoreca sucr\u00e9\t\t<\/h2>\n\t\t<\/a><\/li>\n<li class=\"product-category product first\">\n\t<a aria-label=\"Visit product category Horeca sal\u00e9\" href=\"https:\/\/www.fetesetvouslocations.be\/?product_cat=horeca-sale\"><img loading=\"lazy\" decoding=\"async\" src=\"https:\/\/www.fetesetvouslocations.be\/wp-content\/uploads\/woocommerce-placeholder-700x700.webp\" alt=\"Horeca sal\u00e9\" width=\"700\" height=\"700\" \/>\t\t<h2 class=\"woocommerce-loop-category__title\">\n\t\t\tHoreca sal\u00e9\t\t<\/h2>\n\t\t<\/a><\/li>\n<\/ul>\n<\/div>[backhoe_button backhoe_btn_text=\u00a0\u00bbFind More\u00a0\u00bb backhoe_btn_link=\u00a0\u00bburl:http%3A%2F%2Fthemes.webdevia.com%2Fbackhoe-heavy-construction-equipment-rentals-machinery-wordpress-theme%2Fequipment-categories%2F|title:Equipment%20Categories||\u00a0\u00bb backhoebtn_bg_color=\u00a0\u00bbbtn-color-3&Prime; backhoe_btn_hover_bg_color=\u00a0\u00bbhover-color-2&Prime; backhoebtn_btn_border=\u00a0\u00bbbtn-none\u00a0\u00bb backhoebtn_btn_align=\u00a0\u00bbtext-center\u00a0\u00bb backhoe_show_icon=\u00a0\u00bb\u00a0\u00bb][\/backhoe_button][\/vc_column][\/vc_row][vc_row][vc_column]<div class='wd_empty_space' data-heightmobile='50' data-heighttablet='50' data-heightdesktop='120'\r\n \t\t\t\t\t\tstyle='height:120px' ><\/div><div class=\"wd-heading text-left  \" style=\"max-width: 100%\" >\r\n\t\r\n\t\t\r\n\t\t<h2 style=\"margin:0;\" class=\"title_a\" data-text=\"Nos services\">\r\n\t\tCe que nous proposons\t\t<\/h2>\r\n\r\n\t\t\t\t\t\t\t<p style=\"\" class=\"sub_title_a\">\r\n\t\t\tNos services\t\t\t<\/p>\r\n\t\t\t\t\r\n\t\t<\/div>\r\n\t<div class='wd_empty_space' data-heightmobile='40' data-heighttablet='60' data-heightdesktop='60'\r\n\t\tstyle='height:60px' ><\/div>[\/vc_column][\/vc_row][vc_row][vc_column width=\u00a0\u00bb1\/2&Prime; offset=\u00a0\u00bbvc_col-xs-12&Prime; el_class=\u00a0\u00bbheader-number\u00a0\u00bb]\r\n\t<div class=\" vc_custom_1765876832445 no-hover text-icon text-icon--icon-left_position boxes  clearfix\"  >\r\n\t\t<div class=\"text-icon__container   \">\r\n\t\t\r\n\t\t\t\t\t\t\t\t\t<div class=\"text-icon__icon-box \">\r\n\t\t\t\t\t\t<svg xmlns=\"http:\/\/www.w3.org\/2000\/svg\" width=\"37\" height=\"85\">\n  <path d=\"M26 23.188V69h-9.844V34.312q-.812.72-1.937 1.376-1.094.624-2.344 1.156-1.25.5-2.594.875-1.344.343-2.656.5v-8.313q3.844-1.125 7.25-2.875t6.156-3.843z\" aria-label=\"1\" font-weight=\"700\" font-size=\"64\" font-family=\"SegoeUI-Bold,'Segoe UI'\" fill=\"#fdb900\"\/>\n<\/svg>\t\t\t\t\t<\/div>\r\n\t\t\t\t\t<div class=\"text-icon__content-box\"  >\r\n\t\t\t\t\t\t<h4 class=\"text-icon__title \">\r\n\t\t\t\t\t\t\tUn service de livraison optionnel\t\t\t\t\t\t<\/h4>\r\n\t\t\t\t\t\t<p class=\"text-icon__text  \">\r\n\t\t\t\t\t\t\t\tMoyennant une participation, nous pouvons vous proposer un service de livraison, de montage, de mise en service du mat\u00e9riel dans un rayon de 20 KM de Vitrival.\t\t\t\t\t\t<\/p>\r\n\t\t\t\t\t\t\t\t\t\t\t<\/div>\t\t\t\t\r\n\t\t\t\t\t\t<\/div>\r\n\t<\/div>\r\n\r\n\t[\/vc_column][vc_column width=\u00a0\u00bb1\/2&Prime;][\/vc_column][\/vc_row][vc_row][vc_column width=\u00a0\u00bb1\/2&Prime; el_class=\u00a0\u00bbheader-number\u00a0\u00bb][\/vc_column][vc_column width=\u00a0\u00bb1\/2&Prime;]\r\n\t<div class=\" vc_custom_1765877493696 no-hover text-icon text-icon--icon-left_position boxes  clearfix\"  >\r\n\t\t<div class=\"text-icon__container   \">\r\n\t\t\r\n\t\t\t\t\t\t\t\t\t<div class=\"text-icon__icon-box \">\r\n\t\t\t\t\t\t<svg xmlns=\"http:\/\/www.w3.org\/2000\/svg\" width=\"37\" height=\"85\">\n  <path d=\"M13.406 60.813h19V69H2.594v-3.375q0-3.438 1.156-6.156 1.156-2.75 2.906-4.907 1.75-2.187 3.813-3.843 2.094-1.688 3.969-3.032 1.968-1.406 3.437-2.687 1.5-1.281 2.5-2.531 1.031-1.282 1.531-2.563.5-1.312.5-2.781 0-2.875-1.625-4.344-1.625-1.468-4.968-1.468-5.782 0-11.063 4.593V27.22q5.844-3.782 13.188-3.782 3.406 0 6.093.907 2.719.875 4.594 2.531 1.875 1.656 2.844 4.031 1 2.344 1 5.25 0 3.094-.969 5.5-.938 2.407-2.531 4.375-1.563 1.969-3.625 3.625-2.063 1.625-4.282 3.157-1.5 1.062-2.906 2.124Q16.781 55.97 15.72 57q-1.063 1-1.688 1.969-.625.968-.625 1.843z\" aria-label=\"2\" font-weight=\"700\" font-size=\"64\" fill=\"#fdb900\"\/>\n<\/svg>\n\t\t\t\t\t<\/div>\r\n\t\t\t\t\t<div class=\"text-icon__content-box\"  >\r\n\t\t\t\t\t\t<h4 class=\"text-icon__title \">\r\n\t\t\t\t\t\t\tUne \u00e9coute, des conseils\t\t\t\t\t\t<\/h4>\r\n\t\t\t\t\t\t<p class=\"text-icon__text  \">\r\n\t\t\t\t\t\t\t\tParce que des sourires n'ont pas de prix, n'h\u00e9sitez pas \u00e0 nous contacter pour tout conseils pour la planification de votre \u00e9v\u00e9nement et choisir le mat\u00e9riel le plus adapt\u00e9.<br \/>\nNotre volont\u00e9... Que votre moment soit celui imagin\u00e9.\t\t\t\t\t\t<\/p>\r\n\t\t\t\t\t\t\t\t\t\t\t<\/div>\t\t\t\t\r\n\t\t\t\t\t\t<\/div>\r\n\t<\/div>\r\n\r\n\t[\/vc_column][\/vc_row][vc_row][vc_column width=\u00a0\u00bb1\/2&Prime; el_class=\u00a0\u00bbheader-number\u00a0\u00bb]\r\n\t<div class=\" vc_custom_1765877820201 no-hover text-icon text-icon--icon-left_position boxes  clearfix\"  >\r\n\t\t<div class=\"text-icon__container   \">\r\n\t\t\r\n\t\t\t\t\t\t\t\t\t<div class=\"text-icon__icon-box \">\r\n\t\t\t\t\t\t<svg xmlns=\"http:\/\/www.w3.org\/2000\/svg\" width=\"37\" height=\"85\">\n  <path d=\"M3.656 67.531v-8.594q4.5 3.282 10.5 3.282 3.781 0 5.875-1.625 2.125-1.625 2.125-4.532 0-3-2.625-4.624-2.593-1.626-7.156-1.626H8.219V42.25h3.844q8.75 0 8.75-5.813 0-5.468-6.72-5.468-4.5 0-8.75 2.906v-8.063q4.72-2.375 11-2.375 6.876 0 10.688 3.094 3.844 3.094 3.844 8.032 0 8.78-8.906 11v.156q4.75.593 7.5 3.468 2.75 2.844 2.75 7 0 6.282-4.594 9.938-4.594 3.656-12.688 3.656-6.937 0-11.28-2.25z\" aria-label=\"3\" font-weight=\"700\" font-size=\"64\" font-family=\"SegoeUI-Bold,'Segoe UI'\" fill=\"#fdb900\"\/>\n<\/svg>\t\t\t\t\t<\/div>\r\n\t\t\t\t\t<div class=\"text-icon__content-box\"  >\r\n\t\t\t\t\t\t<h4 class=\"text-icon__title \">\r\n\t\t\t\t\t\t\tOffrir le meilleur \u00e0 prix raisonnable\t\t\t\t\t\t<\/h4>\r\n\t\t\t\t\t\t<p class=\"text-icon__text  \">\r\n\t\t\t\t\t\t\t\tNotre d\u00e9sir est de vous offrir un catalogue vari\u00e9 et accessible \u00e0 tous. Nous nous effor\u00e7ons d'avoir les prix les plus abordables possibles et d'\u00e9largir au fil du temps le mat\u00e9riel propos\u00e9.\t\t\t\t\t\t<\/p>\r\n\t\t\t\t\t\t\t\t\t\t\t<\/div>\t\t\t\t\r\n\t\t\t\t\t\t<\/div>\r\n\t<\/div>\r\n\r\n\t[\/vc_column][vc_column width=\u00a0\u00bb1\/2&Prime;][\/vc_column][\/vc_row][vc_row][vc_column]<div class='wd_empty_space' data-heightmobile='50' data-heighttablet='50' data-heightdesktop='100'\r\n \t\t\t\t\t\tstyle='height:100px' ><\/div><div class=\"wd-heading text-left  \" style=\"max-width: 100%\" >\r\n\t\r\n\t\t\r\n\t\t<h2 style=\"margin:0;\" class=\"title_a\" data-text=\"Petit secret\">\r\n\t\tCe que nous vous conseillons\t\t<\/h2>\r\n\r\n\t\t\t\t\t\t\t<p style=\"\" class=\"sub_title_a\">\r\n\t\t\tPetit secret\t\t\t<\/p>\r\n\t\t\t\t\r\n\t\t<\/div>\r\n\t<div class='wd_empty_space' data-heightmobile='20' data-heighttablet='20' data-heightdesktop='50'\r\n\t\tstyle='height:50px' ><\/div>[\/vc_column][\/vc_row][vc_row][vc_column]\r\n    <div class=\"wd_empty_space\" data-heightmobile=\"15\" \r\n      data-heighttablet=\"20\" data-heightdesktop=\"40\"\r\n      style=\"height: 40px;\" >\r\n    <\/div>\r\n\r\n    [\/vc_column][\/vc_row][vc_row text_parallax_offset=\u00a0\u00bb\u00a0\u00bb el_class=\u00a0\u00bbmoved-box moved-box&#8211;right\u00a0\u00bb][vc_column width=\u00a0\u00bb5\/12&Prime;][vc_single_image image=\u00a0\u00bb5155&Prime; img_size=\u00a0\u00bb578&#215;704&Prime;][\/vc_column][vc_column width=\u00a0\u00bb7\/12&Prime;]<div class='wd_empty_space' data-heightmobile='0' data-heighttablet='0' data-heightdesktop='0'\r\n \t\t\t\t\t\tstyle='height:0px' ><\/div><div class=\"wd-heading text-left  \" style=\"max-width: 100%\" >\r\n\t\t\t\t\t\t\t\t<h5 style=\"font-weight:500;font-size:14px;color:#fdb900;text-transform:Uppercase;letter-spacing:1.4px;\" class=\"sub_title_b\" data-text=\"Les ingr\u00e9dients indispensables ?\">\r\n\t\t\tLes ingr\u00e9dients indispensables ?\t\t\t<\/h5>\r\n\t\t\t\t\r\n\t\t<h2 style=\"margin:0;font-weight:800;\" class=\"title_b\">\r\n\t\tUn \u00e9v\u00e9nement r\u00e9ussi, \u00e7a se f\u00eate\u2026 \u00e7a s\u2019amuse !\t\t<\/h2>\r\n\r\n\t\t\r\n\t\t<\/div>\r\n\t<div class='wd_empty_space' data-heightmobile='5' data-heighttablet='5' data-heightdesktop='5'\r\n\t\tstyle='height:5px' ><\/div>[vc_column_text css=\u00a0\u00bb\u00a0\u00bb]Chez <strong data-start=\"183\" data-end=\"222\">F\u00eatesetvousLocations <\/strong>, on sait qu\u2019un \u00e9v\u00e9nement r\u00e9ussi, c\u2019est avant tout du <strong data-start=\"276\" data-end=\"287\">plaisir<\/strong>, des rires et une ambiance qui donne envie de profiter \u00e0 fond, petits et grands compris.[\/vc_column_text][vc_row_inner css=\u00a0\u00bb.vc_custom_1562157304682{padding-top: 10px !important;}\u00a0\u00bb][vc_column_inner width=\u00a0\u00bb1\/2&Prime;][vc_column_text css=\u00a0\u00bb\u00a0\u00bb]<\/p>\n<h5>Les ingr\u00e9dients indispensables ?<\/h5>\n<p class=\"p-small\">\u2728 un mat\u00e9riel de qualit\u00e9, beau et fiable<br data-start=\"453\" data-end=\"456\" \/>\u2728 une installation soign\u00e9e qui en met plein les yeux<br data-start=\"508\" data-end=\"511\" \/>\u2728 une organisation fluide pour faire la f\u00eate sans stress<br data-start=\"567\" data-end=\"570\" \/>\u2728 une ambiance joyeuse, conviviale et festive<br data-start=\"615\" data-end=\"618\" \/>\u2728 <strong data-start=\"620\" data-end=\"674\">des moments d\u2019amusement et de partage inoubliables<\/strong><\/p>\n<p>[\/vc_column_text][\/vc_column_inner][vc_column_inner width=\u00a0\u00bb1\/2&Prime;][vc_column_text css=\u00a0\u00bb\u00a0\u00bb]<\/p>\n<h5>Toutes les occasions sont bonnes<\/h5>\n<p>\u2728 \u00e9v\u00e9nements scolaire<\/p>\n<p>\u2728kermesses<\/p>\n<p>\u2728 spectacles<\/p>\n<p>\u2728 anniversaire<\/p>\n<p>\u2728 mariage&#8230;[\/vc_column_text][\/vc_column_inner][\/vc_row_inner][backhoe_button backhoe_btn_text=\u00a0\u00bbFind More\u00a0\u00bb backhoe_btn_hover_bg_color=\u00a0\u00bbhover-color-3&Prime; backhoebtn_btn_border=\u00a0\u00bbbtn-none\u00a0\u00bb backhoe_show_icon=\u00a0\u00bb\u00a0\u00bb][\/backhoe_button]\r\n    <div class=\"wd_empty_space\" data-heightmobile=\"15\" \r\n      data-heighttablet=\"20\" data-heightdesktop=\"36\"\r\n      style=\"height: 36px;\" >\r\n    <\/div>\r\n\r\n    [\/vc_column][\/vc_row][vc_row css=\u00a0\u00bb.vc_custom_1569339400324{background-position: 0 0 !important;background-repeat: no-repeat !important;}\u00a0\u00bb][vc_column css=\u00a0\u00bb.vc_custom_1569339505360{margin-top: -100px !important;}\u00a0\u00bb]\r\n    <div class=\"wd_empty_space\" data-heightmobile=\"290\" \r\n      data-heighttablet=\"200\" data-heightdesktop=\"0\"\r\n      style=\"height: 0px;\" >\r\n    <\/div>\r\n\r\n    [vc_single_image image=\u00a0\u00bb4906&Prime; img_size=\u00a0\u00bbfull\u00a0\u00bb alignment=\u00a0\u00bbcenter\u00a0\u00bb el_class=\u00a0\u00bbshow-for-large\u00a0\u00bb][\/vc_column][\/vc_row][vc_row background_position=\u00a0\u00bbcenter\u00a0\u00bb css=\u00a0\u00bb.vc_custom_1569260648992{background-position: 0 0 !important;background-repeat: no-repeat !important;}\u00a0\u00bb][vc_column]\r\n    <div class=\"wd_empty_space\" data-heightmobile=\"20\" \r\n      data-heighttablet=\"30\" data-heightdesktop=\"50\"\r\n      style=\"height: 50px;\" >\r\n    <\/div>\r\n\r\n    [\/vc_column][\/vc_row][vc_row][vc_column width=\u00a0\u00bb1\/3&Prime;]\r\n\t<div class=\" vc_custom_1765878419796 no-hover text-icon text-icon--icon-left_position boxes  clearfix\"  >\r\n\t\t<div class=\"text-icon__container   \">\r\n\t\t\r\n\t\t\t\t\t\t\t\t\t<div class=\"text-icon__icon-box \">\r\n\t\t\t\t\t\t\t\t\t\t\t\t\t\t<img decoding=\"async\"  src=\"https:\/\/www.fetesetvouslocations.be\/wp-content\/uploads\/2020\/10\/Group-9251-1.png\" alt='icon' \/>\r\n\t\t\t\t\t\t\t\t\t\t\t<\/div>\r\n\t\t\t\t\t<div class=\"text-icon__content-box\"  >\r\n\t\t\t\t\t\t<h4 class=\"text-icon__title \">\r\n\t\t\t\t\t\t\tLivraison possible\t\t\t\t\t\t<\/h4>\r\n\t\t\t\t\t\t<p class=\"text-icon__text  \">\r\n\t\t\t\t\t\t\t\tPour un montant de 50\u20ac\t\t\t\t\t\t<\/p>\r\n\t\t\t\t\t\t\t\t\t\t\t<\/div>\t\t\t\t\r\n\t\t\t\t\t\t<\/div>\r\n\t<\/div>\r\n\r\n\t[\/vc_column][vc_column width=\u00a0\u00bb1\/3&Prime;]\r\n\t<div class=\" vc_custom_1765879536937 no-hover text-icon text-icon--icon-left_position boxes  clearfix\"  >\r\n\t\t<div class=\"text-icon__container   \">\r\n\t\t\r\n\t\t\t\t\t\t\t\t\t<div class=\"text-icon__icon-box \">\r\n\t\t\t\t\t\t\t\t\t\t\t\t\t\t<img decoding=\"async\"  src=\"https:\/\/www.fetesetvouslocations.be\/wp-content\/uploads\/2020\/10\/Group-9261-1.png\" alt='icon' \/>\r\n\t\t\t\t\t\t\t\t\t\t\t<\/div>\r\n\t\t\t\t\t<div class=\"text-icon__content-box\"  >\r\n\t\t\t\t\t\t<h4 class=\"text-icon__title \">\r\n\t\t\t\t\t\t\tMat\u00e9riel vari\u00e9\t\t\t\t\t\t<\/h4>\r\n\t\t\t\t\t\t<p class=\"text-icon__text  \">\r\n\t\t\t\t\t\t\t\tun catalogue \u00e9toff\u00e9\t\t\t\t\t\t<\/p>\r\n\t\t\t\t\t\t\t\t\t\t\t<\/div>\t\t\t\t\r\n\t\t\t\t\t\t<\/div>\r\n\t<\/div>\r\n\r\n\t[\/vc_column][vc_column width=\u00a0\u00bb1\/3&Prime;]\r\n\t<div class=\" vc_custom_1765880084562 no-hover text-icon text-icon--icon-left_position boxes  clearfix\"  >\r\n\t\t<div class=\"text-icon__container   \">\r\n\t\t\r\n\t\t\t\t\t\t\t\t\t<div class=\"text-icon__icon-box \">\r\n\t\t\t\t\t\t\t\t\t\t\t\t\t\t<img decoding=\"async\"  src=\"https:\/\/www.fetesetvouslocations.be\/wp-content\/uploads\/2020\/10\/Group-9251-1.png\" alt='icon' \/>\r\n\t\t\t\t\t\t\t\t\t\t\t<\/div>\r\n\t\t\t\t\t<div class=\"text-icon__content-box\"  >\r\n\t\t\t\t\t\t<h4 class=\"text-icon__title \">\r\n\t\t\t\t\t\t\tDisponnibilit\u00e9\t\t\t\t\t\t<\/h4>\r\n\t\t\t\t\t\t<p class=\"text-icon__text  \">\r\n\t\t\t\t\t\t\t\tContactez nous sans h\u00e9siter\t\t\t\t\t\t<\/p>\r\n\t\t\t\t\t\t\t\t\t\t\t<\/div>\t\t\t\t\r\n\t\t\t\t\t\t<\/div>\r\n\t<\/div>\r\n\r\n\t[\/vc_column][\/vc_row][vc_row][vc_column]<div class='wd_empty_space' data-heightmobile='60' data-heighttablet='60' data-heightdesktop='75'\r\n \t\t\t\t\t\tstyle='height:75px' ><\/div><div class=\"wd-heading text-left  \" style=\"max-width: 100%\" >\r\n\t\r\n\t\t\r\n\t\t<h2 style=\"margin:0;\" class=\"title_a\" data-text=\"Toute l'actualit\u00e9\">\r\n\t\tNouveaut\u00e9\t\t<\/h2>\r\n\r\n\t\t\t\t\t\t\t<p style=\"\" class=\"sub_title_a\">\r\n\t\t\tToute l'actualit\u00e9\t\t\t<\/p>\r\n\t\t\t\t\r\n\t\t<\/div>\r\n\t<div class='wd_empty_space' data-heightmobile='60' data-heighttablet='60' data-heightdesktop='60'\r\n\t\tstyle='height:60px' ><\/div>[\/vc_column][\/vc_row][vc_row animation_delay=\u00a0\u00bb150&Prime;][vc_column]  <div class='small-up-1 medium-up-2 large-up-3'>\r\n      <div class=\"column column-block  animated \" data-animated=fadeInUp><article class=\"wd-post wd-post--multicolumn post-258 post type-post status-publish format-standard has-post-thumbnail hentry category-news \">\r\n      <div class=\"wd-post__thumbnail\">\r\n      <img loading=\"lazy\" decoding=\"async\" width=\"840\" height=\"500\" src=\"https:\/\/www.fetesetvouslocations.be\/wp-content\/uploads\/2019\/08\/Untitled-1-1-840x500.jpg\" class=\"attachment-backhoe_sblog-thumb size-backhoe_sblog-thumb wp-post-image\" alt=\"\" \/>    <\/div>\r\n    <div class=\"wd-post__content\">\r\n\r\n        <ul class=\"wd-post__meta clearfix\">\r\n        <li>28 ao\u00fbt 2019<\/li>\r\n        <li class=\"wd-post__author\">By:gaetan<\/li>\r\n        <li class=\"wd-post__category\"><a href=\"https:\/\/www.fetesetvouslocations.be\/?cat=17\" rel=\"category\">News<\/a><\/li>\r\n        <li class=\"wd-post__comments\">no comments<\/li>\r\n      <\/ul>\r\n    \r\n    <h4 class=\"wd-post__title\">\r\n      <a href=\"https:\/\/www.fetesetvouslocations.be\/?p=258\">How To Photograph Stunning Autumn Color<\/a>\r\n    <\/h4>\r\n \r\n    \r\n          <div class=\"wd-post__read-more\">\r\n        <a href=\"https:\/\/www.fetesetvouslocations.be\/?p=258\">\r\n          Learn more          <img decoding=\"async\" src=\"https:\/\/www.fetesetvouslocations.be\/wp-content\/themes\/backhoe\/images\/more.svg\" alt=\"icon\">\r\n        <\/a>\r\n      <\/div>\r\n      <\/div>\r\n<\/article><\/div><div class=\"column column-block  animated \" data-animated=fadeInUp><article class=\"wd-post wd-post--multicolumn post-260 post type-post status-publish format-standard has-post-thumbnail hentry category-updates \">\r\n      <div class=\"wd-post__thumbnail\">\r\n      <img loading=\"lazy\" decoding=\"async\" width=\"840\" height=\"500\" src=\"https:\/\/www.fetesetvouslocations.be\/wp-content\/uploads\/2020\/10\/meraman-1-840x500.jpg\" class=\"attachment-backhoe_sblog-thumb size-backhoe_sblog-thumb wp-post-image\" alt=\"\" \/>    <\/div>\r\n    <div class=\"wd-post__content\">\r\n\r\n        <ul class=\"wd-post__meta clearfix\">\r\n        <li>30 mars 2019<\/li>\r\n        <li class=\"wd-post__author\">By:gaetan<\/li>\r\n        <li class=\"wd-post__category\"><a href=\"https:\/\/www.fetesetvouslocations.be\/?cat=19\" rel=\"category\">Updates<\/a><\/li>\r\n        <li class=\"wd-post__comments\">no comments<\/li>\r\n      <\/ul>\r\n    \r\n    <h4 class=\"wd-post__title\">\r\n      <a href=\"https:\/\/www.fetesetvouslocations.be\/?p=260\">If I Can See It, I Can Shoot It<\/a>\r\n    <\/h4>\r\n \r\n    \r\n          <div class=\"wd-post__read-more\">\r\n        <a href=\"https:\/\/www.fetesetvouslocations.be\/?p=260\">\r\n          Learn more          <img decoding=\"async\" src=\"https:\/\/www.fetesetvouslocations.be\/wp-content\/themes\/backhoe\/images\/more.svg\" alt=\"icon\">\r\n        <\/a>\r\n      <\/div>\r\n      <\/div>\r\n<\/article><\/div><div class=\"column column-block  animated \" data-animated=fadeInUp><article class=\"wd-post wd-post--multicolumn post-262 post type-post status-publish format-standard has-post-thumbnail hentry category-news \">\r\n      <div class=\"wd-post__thumbnail\">\r\n      <img loading=\"lazy\" decoding=\"async\" width=\"840\" height=\"500\" src=\"https:\/\/www.fetesetvouslocations.be\/wp-content\/uploads\/2017\/12\/jose-lebron-EVHJfpQiQFE-unsplash-1-840x500.jpg\" class=\"attachment-backhoe_sblog-thumb size-backhoe_sblog-thumb wp-post-image\" alt=\"\" \/>    <\/div>\r\n    <div class=\"wd-post__content\">\r\n\r\n        <ul class=\"wd-post__meta clearfix\">\r\n        <li>28 d\u00e9cembre 2017<\/li>\r\n        <li class=\"wd-post__author\">By:gaetan<\/li>\r\n        <li class=\"wd-post__category\"><a href=\"https:\/\/www.fetesetvouslocations.be\/?cat=17\" rel=\"category\">News<\/a><\/li>\r\n        <li class=\"wd-post__comments\">no comments<\/li>\r\n      <\/ul>\r\n    \r\n    <h4 class=\"wd-post__title\">\r\n      <a href=\"https:\/\/www.fetesetvouslocations.be\/?p=262\">Introducing the Canon EOS R5<\/a>\r\n    <\/h4>\r\n \r\n    \r\n          <div class=\"wd-post__read-more\">\r\n        <a href=\"https:\/\/www.fetesetvouslocations.be\/?p=262\">\r\n          Learn more          <img decoding=\"async\" src=\"https:\/\/www.fetesetvouslocations.be\/wp-content\/themes\/backhoe\/images\/more.svg\" alt=\"icon\">\r\n        <\/a>\r\n      <\/div>\r\n      <\/div>\r\n<\/article><\/div><\/div>\r\n \r\n    \r\n  \r\n    <div class=\"wd_empty_space\" data-heightmobile=\"20\" \r\n      data-heighttablet=\"40\" data-heightdesktop=\"84\"\r\n      style=\"height: 84px;\" >\r\n    <\/div>\r\n\r\n    [\/vc_column][\/vc_row]<\/p>\n<\/div>","protected":false},"excerpt":{"rendered":"<p>[vc_row css=\u00a0\u00bb.vc_custom_1765878040324{border-top-width: 5px !important;}\u00a0\u00bb][vc_column][\/vc_column][\/vc_row][vc_row el_class=\u00a0\u00bbmoved-box moved-box&#8211;left\u00a0\u00bb][vc_column width=\u00a0\u00bb7\/12&Prime;][vc_column_text css=\u00a0\u00bb\u00a0\u00bb]Depuis janvier 2025,\u00a0F\u00eates et vous Locations \u00a0vous accompagne dans l\u2019organisation de vos \u00e9v\u00e9nements en vous proposant la location de mat\u00e9riel de f\u00eate adapt\u00e9 \u00e0 toutes les occasions. Que vous soyez un particulier, une \u00e9cole, une entreprise, une A.S.B.L ou un mouvement de jeunesse, nous mettons \u00e0 votre disposition [&hellip;]<\/p>\n","protected":false},"author":1,"featured_media":0,"parent":0,"menu_order":0,"comment_status":"closed","ping_status":"closed","template":"","meta":{"footnotes":""},"class_list":["post-5391","page","type-page","status-publish","hentry","wd-post",false],"_links":{"self":[{"href":"https:\/\/www.fetesetvouslocations.be\/index.php?rest_route=\/wp\/v2\/pages\/5391","targetHints":{"allow":["GET"]}}],"collection":[{"href":"https:\/\/www.fetesetvouslocations.be\/index.php?rest_route=\/wp\/v2\/pages"}],"about":[{"href":"https:\/\/www.fetesetvouslocations.be\/index.php?rest_route=\/wp\/v2\/types\/page"}],"author":[{"embeddable":true,"href":"https:\/\/www.fetesetvouslocations.be\/index.php?rest_route=\/wp\/v2\/users\/1"}],"replies":[{"embeddable":true,"href":"https:\/\/www.fetesetvouslocations.be\/index.php?rest_route=%2Fwp%2Fv2%2Fcomments&post=5391"}],"version-history":[{"count":78,"href":"https:\/\/www.fetesetvouslocations.be\/index.php?rest_route=\/wp\/v2\/pages\/5391\/revisions"}],"predecessor-version":[{"id":5690,"href":"https:\/\/www.fetesetvouslocations.be\/index.php?rest_route=\/wp\/v2\/pages\/5391\/revisions\/5690"}],"wp:attachment":[{"href":"https:\/\/www.fetesetvouslocations.be\/index.php?rest_route=%2Fwp%2Fv2%2Fmedia&parent=5391"}],"curies":[{"name":"wp","href":"https:\/\/api.w.org\/{rel}","templated":true}]}}